{"id":83,"date":"2020-04-09T17:09:28","date_gmt":"2020-04-09T15:09:28","guid":{"rendered":"http:\/\/auringisautomatismos.es\/?page_id=83"},"modified":"2020-04-09T17:19:54","modified_gmt":"2020-04-09T15:19:54","slug":"contacto","status":"publish","type":"page","link":"https:\/\/auringisautomatismos.es\/index.php\/contacto\/","title":{"rendered":"Contacto"},"content":{"rendered":"<div id=\"wpgmza_map\" class=\"wpgmza_map\" data-settings='{\"id\":\"1\",\"map_title\":\"auringis\",\"map_width\":\"100\",\"map_height\":\"400\",\"map_start_lat\":\"37.704937\",\"map_start_lng\":\"-3.968318\",\"map_start_location\":\"37.70493725981244,-3.9683179325408937\",\"map_start_zoom\":\"17\",\"default_marker\":\"0\",\"type\":\"1\",\"alignment\":\"4\",\"directions_enabled\":\"1\",\"styling_enabled\":\"0\",\"styling_json\":\"\",\"active\":\"0\",\"kml\":\"\",\"bicycle\":\"0\",\"traffic\":\"0\",\"dbox\":\"1\",\"dbox_width\":\"100\",\"listmarkers\":\"0\",\"listmarkers_advanced\":\"0\",\"filterbycat\":\"0\",\"ugm_enabled\":\"0\",\"ugm_category_enabled\":\"0\",\"fusion\":\"\",\"map_width_type\":\"\\\\%\",\"map_height_type\":\"px\",\"mass_marker_support\":\"1\",\"ugm_access\":\"0\",\"order_markers_by\":\"1\",\"order_markers_choice\":\"2\",\"show_user_location\":\"0\",\"default_to\":\"\",\"other_settings\":{\"store_locator_enabled\":2,\"store_locator_distance\":2,\"store_locator_default_radius\":10,\"store_locator_not_found_message\":\"No results found in this location. Please try again.\",\"store_locator_bounce\":1,\"store_locator_query_string\":\"ZIP \\\/ C\\u00f3digo Postal \\\/ Direcci\\u00f3n\",\"store_locator_default_address\":\"\",\"wpgmza_store_locator_restrict\":\"\",\"wpgmza_store_locator_radius_style\":\"modern\",\"map_max_zoom\":\"1\",\"transport_layer\":0,\"wpgmza_show_points_of_interest\":0,\"wpgmza_auto_night\":0}}' data-map-id='1' Data-maps-engine='open-layers' data-shortcode-attributes='{\"id\":\"1\"}' style=\"display:block; overflow:auto; width:100%; height:400px; float:left;\"><\/div>\n\n\n<p class=\"has-text-align-left\"><strong>Direcci\u00f3n:<\/strong><br>Calle Torredelcampo, Nave 6E-6F<br>Pol\u00edgono Industrial Ca\u00f1ada de la Fuente<br>23600, Martos, Ja\u00e9n<\/p>\n\n\n\n<p><strong>Contactos:<\/strong><br>jbrl@auringisautomatismos.es<br>agm@auringisautomatismos.es<br>+34 645 862 278<br>+34 626 911 554<\/p>\n","protected":false},"excerpt":{"rendered":"<p>Direcci\u00f3n:Calle Torredelcampo, Nave 6E-6FPol\u00edgono Industrial Ca\u00f1ada de la Fuente23600, Martos, Ja\u00e9n Contactos:jbrl@auringisautomatismos.esagm@auringisautomatismos.es+34 645 862 278+34 626 911 554<\/p>\n","protected":false},"author":1,"featured_media":0,"parent":0,"menu_order":0,"comment_status":"closed","ping_status":"closed","template":"","meta":[],"_links":{"self":[{"href":"https:\/\/auringisautomatismos.es\/index.php\/wp-json\/wp\/v2\/pages\/83"}],"collection":[{"href":"https:\/\/auringisautomatismos.es\/index.php\/wp-json\/wp\/v2\/pages"}],"about":[{"href":"https:\/\/auringisautomatismos.es\/index.php\/wp-json\/wp\/v2\/types\/page"}],"author":[{"embeddable":true,"href":"https:\/\/auringisautomatismos.es\/index.php\/wp-json\/wp\/v2\/users\/1"}],"replies":[{"embeddable":true,"href":"https:\/\/auringisautomatismos.es\/index.php\/wp-json\/wp\/v2\/comments?post=83"}],"version-history":[{"count":4,"href":"https:\/\/auringisautomatismos.es\/index.php\/wp-json\/wp\/v2\/pages\/83\/revisions"}],"predecessor-version":[{"id":89,"href":"https:\/\/auringisautomatismos.es\/index.php\/wp-json\/wp\/v2\/pages\/83\/revisions\/89"}],"wp:attachment":[{"href":"https:\/\/auringisautomatismos.es\/index.php\/wp-json\/wp\/v2\/media?parent=83"}],"curies":[{"name":"wp","href":"https:\/\/api.w.org\/{rel}","templated":true}]}}